{"id":724,"date":"2023-07-14T07:36:32","date_gmt":"2023-07-14T07:36:32","guid":{"rendered":"https:\/\/guidio.eu\/?page_id=724"},"modified":"2025-12-09T09:30:16","modified_gmt":"2025-12-09T09:30:16","slug":"radadest","status":"publish","type":"page","link":"https:\/\/guidio.eu\/en\/radadest\/","title":{"rendered":"Rajad"},"content":{"rendered":"<div class=\"gb-container gb-container-70895408\">\n<div class=\"gb-container gb-container-c76ec057\">\n<div class=\"wp-block-cover is-light\" style=\"min-height:263px;aspect-ratio:unset;\"><span aria-hidden=\"true\" class=\"wp-block-cover__background has-background-dim\"><\/span><img loading=\"lazy\" decoding=\"async\" width=\"480\" height=\"640\" class=\"wp-block-cover__image-background wp-image-778 lazyload\" alt=\"\" data-src=\"https:\/\/guidio.eu\/wp-content\/uploads\/2023\/06\/IMG_0138.jpg\" style=\"--smush-placeholder-width: 480px; --smush-placeholder-aspect-ratio: 480\/640;object-position:50% 34%\" data-object-fit=\"cover\" data-object-position=\"50% 34%\" data-srcset=\"https:\/\/guidio.eu\/wp-content\/uploads\/2023\/06\/IMG_0138.jpg 480w, https:\/\/guidio.eu\/wp-content\/uploads\/2023\/06\/IMG_0138-225x300.jpg 225w, https:\/\/guidio.eu\/wp-content\/uploads\/2023\/06\/IMG_0138-9x12.jpg 9w\" data-sizes=\"auto, (max-width: 480px) 100vw, 480px\" src=\"data:image\/gif;base64,R0lGODlhAQABAAAAACH5BAEKAAEALAAAAAABAAEAAAICTAEAOw==\" \/><noscript><img loading=\"lazy\" decoding=\"async\" width=\"480\" height=\"640\" class=\"wp-block-cover__image-background wp-image-778\" alt=\"\" src=\"https:\/\/guidio.eu\/wp-content\/uploads\/2023\/06\/IMG_0138.jpg\" style=\"object-position:50% 34%\" data-object-fit=\"cover\" data-object-position=\"50% 34%\" srcset=\"https:\/\/guidio.eu\/wp-content\/uploads\/2023\/06\/IMG_0138.jpg 480w, https:\/\/guidio.eu\/wp-content\/uploads\/2023\/06\/IMG_0138-225x300.jpg 225w, https:\/\/guidio.eu\/wp-content\/uploads\/2023\/06\/IMG_0138-9x12.jpg 9w\" sizes=\"auto, (max-width: 480px) 100vw, 480px\" \/><\/noscript><div class=\"wp-block-cover__inner-container is-layout-flow wp-block-cover-is-layout-flow\"><h2 class=\"wp-block-heading has-text-align-center has-white-color has-text-color has-large-font-size\" style=\"font-style:normal;font-weight:700\">Guidio rajad<\/h2><\/div><\/div>\n\n<div style=\"height:41px\" aria-hidden=\"true\" class=\"wp-block-spacer\"><\/div>\n\n<p class=\"has-medium-font-size\">Guidio eesm\u00e4rgiks on pakkuda ajaloolise sisuga jalutuslavastusi, kuuldem\u00e4nge ajaloolistes paikades, et ajalugu kuulajale l\u00e4hemale tuua. Hetkel on k\u00e4igus kaks metsavendlusega seotud rada, kuid peagi sukeldume ka kaugemasse ajaloosse ning lisaks helilavastustele katsetame ka teiste formaatidega, nii et p\u00fcsige kuuldel!<\/p>\n\n<div style=\"height:30px\" aria-hidden=\"true\" class=\"wp-block-spacer\"><\/div>\n\n<h2 class=\"wp-block-heading has-medium-font-size\"><strong>Metsavendade rajad<\/strong><\/h2>\n\n<p class=\"has-medium-font-size\">Metsavendade radade lood p\u00f5hinevad ajaloolistel s\u00fcndmustel ning erinevatel isiklikel lugudel, kuid seoseid konkreetsete ajalooliste v\u00f5i elavate isikutega ei ole. Metsavend Mihkel Arusoo on l\u00e4biv tegelane k\u00f5igis punkritega seotud lugudes, k\u00fcll m\u00fcttas ta Ennuksem\u00e4el, k\u00fcll oli ta ka l\u00e4\u00e4ne pool Relvastatud V\u00f5itluse Liidu ridades. <\/p>\n\n<p class=\"has-medium-font-size\">Nooremate kuulajate puhul soovitame vanematel v\u00f5i \u00f5petajatel tausta selgitada, t\u00e4iendava infot oleme ka ise lisanud enamike peat\u00fckkide juurde.<\/p>\n\n<div style=\"height:30px\" aria-hidden=\"true\" class=\"wp-block-spacer\"><\/div>\n\n<h2 class=\"wp-block-heading has-medium-font-size\"><strong>Metsavendade radade tegijad:<\/strong><\/h2>\n\n<p class=\"has-medium-font-size\">Lavastaja: Isabel Laiapea <\/p>\n\n<p class=\"has-medium-font-size\">Dramaturg: Aare Pilv <\/p>\n\n<p class=\"has-medium-font-size\">Helikujundaja: Johannes Vilu <\/p>\n\n<p class=\"has-medium-font-size\">Osades: Robin T\u00e4pp, Theodor Tabor, Andri Suga, Maria Helena Seppik, Oskar Kr\u00f6\u00f6nstr\u00f6m; <\/p>\n\n<p class=\"has-medium-font-size\">Helitehnik: Kuldar Sepp<\/p>\n\n<p class=\"has-medium-font-size\">Idee ja sisend: K\u00fcllike Tint, Anu Lillak, Tuuli Kurisoo, Aive Kaldra, Helena Kaldre&nbsp;<\/p>\n\n<p class=\"has-medium-font-size\">Konsultant: Martin Andreller&nbsp;<\/p>\n\n<p class=\"has-medium-font-size\">Koor: Eva Maria Aru, Madleen Maria Kirja, Elina Soosaar, Ronja Marie Tepp, Merle Vetem\u00e4e.&nbsp;&nbsp;<\/p>\n\n<p class=\"has-medium-font-size\">T\u00e4name: Bernhard ja Taive Viidingut!&nbsp;<\/p>\n\n<p class=\"has-medium-font-size\">Helilavastuse valmimist toetas Eesti Kultuurkapital!&nbsp;&nbsp;<\/p>\n\n<div style=\"height:38px\" aria-hidden=\"true\" class=\"wp-block-spacer\"><\/div>\n\n<h2 class=\"wp-block-heading has-medium-font-size\"><strong>Asva pronksisepa rada<\/strong><\/h2>\n\n<p>Asva kindlustatud asula rada viib k\u00fclastaja ligi 3000 aastat tagasi pronksiaega. R\u00e4ndaja saab kuulda Asva hiilgeperioodist, mil pronksesemete \u00fcmbervalamise saladust hoiti v\u00f5\u00f5raste silmade eest varjul. Noor pronksisepp jutustab, mis toimus Saaremaal enne Asva asulat, milised leiud teevad Asva eriliseks terves Baltikumis ja mida teavad uurijad sellest k\u00f5nelda. Pronksisepa juttu toetavad kodulehel iga peat\u00fcki all tekstiline lisainfo koos piltide ja joonistega esemeleidudest nii Asvalt kui mujalt Saaremaalt. Rada Asva Viikingik\u00fclast linnam\u00e4ele on ligi 1,2 km pikk ning audior\u00e4nnak kestab umbes pool tundi.<\/p>\n\n<p>NB! S\u00fcgis-talveperioodil v\u00f5ib linnam\u00e4ele saamiseks tarvis olla kummikuid.<\/p>\n\n<div style=\"height:30px\" aria-hidden=\"true\" class=\"wp-block-spacer\"><\/div>\n\n<h2 class=\"wp-block-heading has-medium-font-size\"><strong>Pronksisepa raja tegijad:<\/strong><\/h2>\n\n<p>Asva raja tegijad:<\/p>\n\n<p>Konsultant: Uwe Sperling<\/p>\n\n<p>Dramaturg: Anna-Liisa \u00d5ispuu<\/p>\n\n<p>Helikujundus: Johannes Vilu<\/p>\n\n<p>N\u00e4itleja: Uku Pokk<\/p>\n\n<p>Helitehnik: Indrek Soe<\/p>\n\n<p>Projektijuht: K\u00fcllike Tint<\/p>\n\n<p>Ait\u00e4h Uwe Sperling, Anna-Liisa \u00d5ispuu, Kristi Tasuja, Kajar Lember, Heidi Luik, Siim Kartau, Lembi L\u00f5ugas, Mari-Liis Posti ja k\u00f5ik hooandjad!<\/p>\n\n<div style=\"height:30px\" aria-hidden=\"true\" class=\"wp-block-spacer\"><\/div>\n\n<h2 class=\"gb-headline gb-headline-1948224c gb-headline-text\"><strong>Otep\u00e4\u00e4 linnam\u00e4e audioloeng<\/strong><\/h2>\n\n<p><br>Tervitus, hea kuulaja!<br>K\u00e4esolevas loengus tutvustame Otep\u00e4\u00e4 linnam\u00e4e ajalugu. Saad teada, millal hakati linnam\u00e4ge esmakordselt kasutama, kes seal elasid ning milline oli nende elu ja tegevus. Kuuled ka Otep\u00e4\u00e4 esilet\u00f5usust ja selle mitmetest vallutustest nii venelaste kui ka sakslaste poolt, samuti p\u00f5hjustest, miks koht l\u00f5puks maha j\u00e4eti. Loengut saad kuulata peat\u00fckkide kaupa v\u00f5i terve t\u00fckina, jalutades v\u00f5i pingil istudes. Kuula ja naudi!<br>Loengut esitab arheoloog Ain M\u00e4esalu.<br>Esemed TL\u00dc arheoloogia teaduskogust.<\/p>\n\n<div style=\"height:30px\" aria-hidden=\"true\" class=\"wp-block-spacer\"><\/div>\n\n<h2 class=\"gb-headline gb-headline-d09c9738 gb-headline-text\"><strong>\u201cJumalaga\u201d \u2013 kuuldem\u00e4ng Otep\u00e4\u00e4 piiramislahingust<\/strong><\/h2>\n\n<p><br>Astu ajas tagasi ja lase end kaasa haarata 1217. aasta piiramislahingu keerisesse.<br>Kuuldem\u00e4ng \u201cJumalaga\u201d viib sind otse Otep\u00e4\u00e4 linnusesse, kus k\u00e4ib \u00e4ge vastasseis \u2013 20 p\u00e4eva kestnud lahing, milles osales Henriku Liivimaa kroonika andmetel 24 000 meest. Linnuse elanikud \u2013 \u00e4sja ristitud ugalased \u2013 seisavad silmitsi oma usuliste ja eluliste proovikividega.<br>Vastasseisus on eestlaste ja venelaste \u00fchendv\u00e4gi, linnuse sees aga n\u00e4riv n\u00e4lg, janune lootus ning k\u00fcsimus: kas v\u00f5\u00f5rast v\u00f5ib usaldada?<br>Kuula, r\u00e4nda ja koge omas tempos ja enda valitud teekonnal.<br>Kuuldem\u00e4ngu kestus: 40 min<\/p>\n\n<p><\/p>\n\n<h2 class=\"wp-block-heading\"><strong>&#8220;Jumalaga&#8221; kuuldem\u00e4ngu meeskond:<\/strong><\/h2>\n\n<p>Lavastaja \u2013 Ott Kartau<\/p>\n\n<p>Dramaturg \u2013 Marion J\u00f5epera<\/p>\n\n<p>Helikujundaja \u2013 Kirsi Tilk<\/p>\n\n<p>Helitehnik \u2013 Sten Olle Moldau<\/p>\n\n<p>Konsultant \u2013 Ain M\u00e4esalu<\/p>\n\n<p><strong>Osades<\/strong><\/p>\n\n<p>Elo \u2013 Mirtel Pohla<\/p>\n\n<p>Kessu \u2013 Loviise Kapper<\/p>\n\n<p>Heli \u2013&nbsp; Doris Tilk<\/p>\n\n<p>H\u00f5rak \u2013 Rait \u00d5unapuu<\/p>\n\n<p>Piho \u2013 Ragnar Uustal<\/p>\n\n<p>Projektijuht: K\u00fcllike Tint<\/p>\n\n<p>Guidio meeskond: Anu Lillak, Tuuli Kurisoo, Kristel Kortin<\/p>\n\n<p>Ait\u00e4h: Arvi Haak, Heidi Luik, Mari-Liis Posti,&nbsp; Kristi Tasuja, Kersti Siitan, Stanislav Stepa\u0161ko, Aivar Kartau, Siim Kartau, Valdur Sepp, Monika Otrokova, Merle Soonberg<\/p>\n\n<div style=\"height:35px\" aria-hidden=\"true\" class=\"wp-block-spacer\"><\/div>\n\n<p>Otep\u00e4\u00e4 kuuldem\u00e4ngu ja loengu valmimist toetasid ETAG ja Eesti Kultuurkapital<\/p>\n\n<p>Otep\u00e4\u00e4 vald<\/p>\n\n<p>Esemed TL\u00dc arheoloogia teaduskogust.<\/p>\n\n<div style=\"height:50px\" aria-hidden=\"true\" class=\"wp-block-spacer\"><\/div>\n\n<div class=\"wp-block-columns is-layout-flex wp-container-core-columns-is-layout-2 wp-block-columns-is-layout-flex\"><div class=\"wp-block-column is-layout-flow wp-block-column-is-layout-flow\" style=\"flex-basis:100%\"><div class=\"wp-block-columns is-layout-flex wp-container-core-columns-is-layout-1 wp-block-columns-is-layout-flex\"><div class=\"wp-block-column is-layout-flow wp-block-column-is-layout-flow\" style=\"flex-basis:50%\"><figure class=\"gb-block-image gb-block-image-be327ae2\"><img loading=\"lazy\" decoding=\"async\" width=\"1024\" height=\"321\" class=\"gb-image gb-image-be327ae2 lazyload\" data-src=\"https:\/\/guidio.eu\/wp-content\/uploads\/2025\/12\/Eesti-Teadusagentuur-logo-black_RGB-1024x321.webp\" data-srcset=\"https:\/\/guidio.eu\/wp-content\/uploads\/2025\/12\/Eesti-Teadusagentuur-logo-black_RGB-1024x321.webp 1024w, https:\/\/guidio.eu\/wp-content\/uploads\/2025\/12\/Eesti-Teadusagentuur-logo-black_RGB-300x94.webp 300w, https:\/\/guidio.eu\/wp-content\/uploads\/2025\/12\/Eesti-Teadusagentuur-logo-black_RGB-768x240.webp 768w, https:\/\/guidio.eu\/wp-content\/uploads\/2025\/12\/Eesti-Teadusagentuur-logo-black_RGB-1536x481.webp 1536w, https:\/\/guidio.eu\/wp-content\/uploads\/2025\/12\/Eesti-Teadusagentuur-logo-black_RGB-18x6.webp 18w, https:\/\/guidio.eu\/wp-content\/uploads\/2025\/12\/Eesti-Teadusagentuur-logo-black_RGB-600x188.webp 600w, https:\/\/guidio.eu\/wp-content\/uploads\/2025\/12\/Eesti-Teadusagentuur-logo-black_RGB.webp 1920w\" data-sizes=\"auto, (max-width: 1024px) 100vw, 1024px\" src=\"data:image\/gif;base64,R0lGODlhAQABAAAAACH5BAEKAAEALAAAAAABAAEAAAICTAEAOw==\" style=\"--smush-placeholder-width: 1024px; --smush-placeholder-aspect-ratio: 1024\/321;\" \/><noscript><img loading=\"lazy\" decoding=\"async\" width=\"1024\" height=\"321\" class=\"gb-image gb-image-be327ae2\" src=\"https:\/\/guidio.eu\/wp-content\/uploads\/2025\/12\/Eesti-Teadusagentuur-logo-black_RGB-1024x321.webp\" srcset=\"https:\/\/guidio.eu\/wp-content\/uploads\/2025\/12\/Eesti-Teadusagentuur-logo-black_RGB-1024x321.webp 1024w, https:\/\/guidio.eu\/wp-content\/uploads\/2025\/12\/Eesti-Teadusagentuur-logo-black_RGB-300x94.webp 300w, https:\/\/guidio.eu\/wp-content\/uploads\/2025\/12\/Eesti-Teadusagentuur-logo-black_RGB-768x240.webp 768w, https:\/\/guidio.eu\/wp-content\/uploads\/2025\/12\/Eesti-Teadusagentuur-logo-black_RGB-1536x481.webp 1536w, https:\/\/guidio.eu\/wp-content\/uploads\/2025\/12\/Eesti-Teadusagentuur-logo-black_RGB-18x6.webp 18w, https:\/\/guidio.eu\/wp-content\/uploads\/2025\/12\/Eesti-Teadusagentuur-logo-black_RGB-600x188.webp 600w, https:\/\/guidio.eu\/wp-content\/uploads\/2025\/12\/Eesti-Teadusagentuur-logo-black_RGB.webp 1920w\" sizes=\"auto, (max-width: 1024px) 100vw, 1024px\" \/><\/noscript><\/figure><\/div>\n\n<div class=\"wp-block-column is-layout-flow wp-block-column-is-layout-flow\" style=\"flex-basis:50%\"><figure class=\"wp-block-image size-full is-resized\"><img loading=\"lazy\" decoding=\"async\" width=\"760\" height=\"544\" data-src=\"https:\/\/guidio.eu\/wp-content\/uploads\/2025\/12\/kulka-logo.jpg\" alt=\"\" class=\"wp-image-2021 lazyload\" style=\"--smush-placeholder-width: 760px; --smush-placeholder-aspect-ratio: 760\/544;width:158px;height:auto\" data-srcset=\"https:\/\/guidio.eu\/wp-content\/uploads\/2025\/12\/kulka-logo.jpg 760w, https:\/\/guidio.eu\/wp-content\/uploads\/2025\/12\/kulka-logo-300x215.jpg 300w, https:\/\/guidio.eu\/wp-content\/uploads\/2025\/12\/kulka-logo-18x12.jpg 18w, https:\/\/guidio.eu\/wp-content\/uploads\/2025\/12\/kulka-logo-600x429.jpg 600w\" data-sizes=\"auto, (max-width: 760px) 100vw, 760px\" src=\"data:image\/gif;base64,R0lGODlhAQABAAAAACH5BAEKAAEALAAAAAABAAEAAAICTAEAOw==\" \/><noscript><img loading=\"lazy\" decoding=\"async\" width=\"760\" height=\"544\" src=\"https:\/\/guidio.eu\/wp-content\/uploads\/2025\/12\/kulka-logo.jpg\" alt=\"\" class=\"wp-image-2021\" style=\"width:158px;height:auto\" srcset=\"https:\/\/guidio.eu\/wp-content\/uploads\/2025\/12\/kulka-logo.jpg 760w, https:\/\/guidio.eu\/wp-content\/uploads\/2025\/12\/kulka-logo-300x215.jpg 300w, https:\/\/guidio.eu\/wp-content\/uploads\/2025\/12\/kulka-logo-18x12.jpg 18w, https:\/\/guidio.eu\/wp-content\/uploads\/2025\/12\/kulka-logo-600x429.jpg 600w\" sizes=\"auto, (max-width: 760px) 100vw, 760px\" \/><\/noscript><\/figure><\/div><\/div><\/div><\/div>\n\n<div class=\"gb-container gb-container-c7b39163\">\n<div style=\"height:50px\" aria-hidden=\"true\" class=\"wp-block-spacer\"><\/div>\n<\/div>\n\n<div class=\"wp-block-columns is-layout-flex wp-container-core-columns-is-layout-3 wp-block-columns-is-layout-flex\"><div class=\"wp-block-column is-layout-flow wp-block-column-is-layout-flow\" style=\"flex-basis:33.34%\"><figure class=\"wp-block-image size-medium is-resized\"><a href=\"https:\/\/guidio.eu\/en\/rajad\/tiduvere\/\"><img loading=\"lazy\" decoding=\"async\" width=\"300\" height=\"300\" data-src=\"https:\/\/guidio.eu\/wp-content\/uploads\/2023\/06\/359259801_1439549673469338_7436871922397728201_n-300x300.jpg\" alt=\"Tiduvere punkrirada\" class=\"wp-image-696 lazyload\" style=\"--smush-placeholder-width: 300px; --smush-placeholder-aspect-ratio: 300\/300;width:256px;height:192px\" data-srcset=\"https:\/\/guidio.eu\/wp-content\/uploads\/2023\/06\/359259801_1439549673469338_7436871922397728201_n-300x300.jpg 300w, https:\/\/guidio.eu\/wp-content\/uploads\/2023\/06\/359259801_1439549673469338_7436871922397728201_n-100x100.jpg 100w, https:\/\/guidio.eu\/wp-content\/uploads\/2023\/06\/359259801_1439549673469338_7436871922397728201_n-600x600.jpg 600w, https:\/\/guidio.eu\/wp-content\/uploads\/2023\/06\/359259801_1439549673469338_7436871922397728201_n-1024x1024.jpg 1024w, https:\/\/guidio.eu\/wp-content\/uploads\/2023\/06\/359259801_1439549673469338_7436871922397728201_n-150x150.jpg 150w, https:\/\/guidio.eu\/wp-content\/uploads\/2023\/06\/359259801_1439549673469338_7436871922397728201_n-768x768.jpg 768w, https:\/\/guidio.eu\/wp-content\/uploads\/2023\/06\/359259801_1439549673469338_7436871922397728201_n-12x12.jpg 12w, https:\/\/guidio.eu\/wp-content\/uploads\/2023\/06\/359259801_1439549673469338_7436871922397728201_n.jpg 1108w\" data-sizes=\"auto, (max-width: 300px) 100vw, 300px\" src=\"data:image\/gif;base64,R0lGODlhAQABAAAAACH5BAEKAAEALAAAAAABAAEAAAICTAEAOw==\" \/><noscript><img loading=\"lazy\" decoding=\"async\" width=\"300\" height=\"300\" src=\"https:\/\/guidio.eu\/wp-content\/uploads\/2023\/06\/359259801_1439549673469338_7436871922397728201_n-300x300.jpg\" alt=\"Tiduvere punkrirada\" class=\"wp-image-696\" style=\"width:256px;height:192px\" srcset=\"https:\/\/guidio.eu\/wp-content\/uploads\/2023\/06\/359259801_1439549673469338_7436871922397728201_n-300x300.jpg 300w, https:\/\/guidio.eu\/wp-content\/uploads\/2023\/06\/359259801_1439549673469338_7436871922397728201_n-100x100.jpg 100w, https:\/\/guidio.eu\/wp-content\/uploads\/2023\/06\/359259801_1439549673469338_7436871922397728201_n-600x600.jpg 600w, https:\/\/guidio.eu\/wp-content\/uploads\/2023\/06\/359259801_1439549673469338_7436871922397728201_n-1024x1024.jpg 1024w, https:\/\/guidio.eu\/wp-content\/uploads\/2023\/06\/359259801_1439549673469338_7436871922397728201_n-150x150.jpg 150w, https:\/\/guidio.eu\/wp-content\/uploads\/2023\/06\/359259801_1439549673469338_7436871922397728201_n-768x768.jpg 768w, https:\/\/guidio.eu\/wp-content\/uploads\/2023\/06\/359259801_1439549673469338_7436871922397728201_n-12x12.jpg 12w, https:\/\/guidio.eu\/wp-content\/uploads\/2023\/06\/359259801_1439549673469338_7436871922397728201_n.jpg 1108w\" sizes=\"auto, (max-width: 300px) 100vw, 300px\" \/><\/noscript><\/a><figcaption class=\"wp-element-caption\"><strong>Tiduvere punkrirada<\/strong><\/figcaption><\/figure><\/div>\n\n<div class=\"wp-block-column is-layout-flow wp-block-column-is-layout-flow\" style=\"flex-basis:33.34%\"><figure class=\"wp-block-image size-large is-resized\"><a href=\"https:\/\/guidio.eu\/en\/rajad\/ennuksemae-punker\/\"><img loading=\"lazy\" decoding=\"async\" width=\"1024\" height=\"768\" data-src=\"https:\/\/guidio.eu\/wp-content\/uploads\/2023\/05\/IMG_4990-1024x768.jpeg\" alt=\"\" class=\"wp-image-512 lazyload\" style=\"--smush-placeholder-width: 1024px; --smush-placeholder-aspect-ratio: 1024\/768;width:256px;height:192px\" data-srcset=\"https:\/\/guidio.eu\/wp-content\/uploads\/2023\/05\/IMG_4990-1024x768.jpeg 1024w, https:\/\/guidio.eu\/wp-content\/uploads\/2023\/05\/IMG_4990-600x450.jpeg 600w, https:\/\/guidio.eu\/wp-content\/uploads\/2023\/05\/IMG_4990-300x225.jpeg 300w, https:\/\/guidio.eu\/wp-content\/uploads\/2023\/05\/IMG_4990-768x576.jpeg 768w, https:\/\/guidio.eu\/wp-content\/uploads\/2023\/05\/IMG_4990-1536x1152.jpeg 1536w, https:\/\/guidio.eu\/wp-content\/uploads\/2023\/05\/IMG_4990-16x12.jpeg 16w, https:\/\/guidio.eu\/wp-content\/uploads\/2023\/05\/IMG_4990.jpeg 1920w\" data-sizes=\"auto, (max-width: 1024px) 100vw, 1024px\" src=\"data:image\/gif;base64,R0lGODlhAQABAAAAACH5BAEKAAEALAAAAAABAAEAAAICTAEAOw==\" \/><noscript><img loading=\"lazy\" decoding=\"async\" width=\"1024\" height=\"768\" src=\"https:\/\/guidio.eu\/wp-content\/uploads\/2023\/05\/IMG_4990-1024x768.jpeg\" alt=\"\" class=\"wp-image-512\" style=\"width:256px;height:192px\" srcset=\"https:\/\/guidio.eu\/wp-content\/uploads\/2023\/05\/IMG_4990-1024x768.jpeg 1024w, https:\/\/guidio.eu\/wp-content\/uploads\/2023\/05\/IMG_4990-600x450.jpeg 600w, https:\/\/guidio.eu\/wp-content\/uploads\/2023\/05\/IMG_4990-300x225.jpeg 300w, https:\/\/guidio.eu\/wp-content\/uploads\/2023\/05\/IMG_4990-768x576.jpeg 768w, https:\/\/guidio.eu\/wp-content\/uploads\/2023\/05\/IMG_4990-1536x1152.jpeg 1536w, https:\/\/guidio.eu\/wp-content\/uploads\/2023\/05\/IMG_4990-16x12.jpeg 16w, https:\/\/guidio.eu\/wp-content\/uploads\/2023\/05\/IMG_4990.jpeg 1920w\" sizes=\"auto, (max-width: 1024px) 100vw, 1024px\" \/><\/noscript><\/a><figcaption class=\"wp-element-caption\"><strong>Ennuksem\u00e4e punkrirada<\/strong><\/figcaption><\/figure><\/div>\n\n<div class=\"wp-block-column is-layout-flow wp-block-column-is-layout-flow\" style=\"flex-basis:33.33%\"><figure class=\"wp-block-image size-large is-resized\"><a href=\"https:\/\/guidio.eu\/en\/?post_type=rajad&amp;p=1055&amp;preview=true\"><img loading=\"lazy\" decoding=\"async\" width=\"1024\" height=\"695\" data-src=\"https:\/\/guidio.eu\/wp-content\/uploads\/2024\/06\/Asva-kaevandid-1024x695.jpg\" alt=\"Asva ronksisepa rada\" class=\"wp-image-1075 lazyload\" style=\"--smush-placeholder-width: 1024px; --smush-placeholder-aspect-ratio: 1024\/695;object-fit:cover;width:256px;height:192px\" data-srcset=\"https:\/\/guidio.eu\/wp-content\/uploads\/2024\/06\/Asva-kaevandid-1024x695.jpg 1024w, https:\/\/guidio.eu\/wp-content\/uploads\/2024\/06\/Asva-kaevandid-600x407.jpg 600w, https:\/\/guidio.eu\/wp-content\/uploads\/2024\/06\/Asva-kaevandid-300x204.jpg 300w, https:\/\/guidio.eu\/wp-content\/uploads\/2024\/06\/Asva-kaevandid-768x521.jpg 768w, https:\/\/guidio.eu\/wp-content\/uploads\/2024\/06\/Asva-kaevandid-18x12.jpg 18w, https:\/\/guidio.eu\/wp-content\/uploads\/2024\/06\/Asva-kaevandid.jpg 1263w\" data-sizes=\"auto, (max-width: 1024px) 100vw, 1024px\" src=\"data:image\/gif;base64,R0lGODlhAQABAAAAACH5BAEKAAEALAAAAAABAAEAAAICTAEAOw==\" \/><noscript><img loading=\"lazy\" decoding=\"async\" width=\"1024\" height=\"695\" src=\"https:\/\/guidio.eu\/wp-content\/uploads\/2024\/06\/Asva-kaevandid-1024x695.jpg\" alt=\"Asva ronksisepa rada\" class=\"wp-image-1075\" style=\"object-fit:cover;width:256px;height:192px\" srcset=\"https:\/\/guidio.eu\/wp-content\/uploads\/2024\/06\/Asva-kaevandid-1024x695.jpg 1024w, https:\/\/guidio.eu\/wp-content\/uploads\/2024\/06\/Asva-kaevandid-600x407.jpg 600w, https:\/\/guidio.eu\/wp-content\/uploads\/2024\/06\/Asva-kaevandid-300x204.jpg 300w, https:\/\/guidio.eu\/wp-content\/uploads\/2024\/06\/Asva-kaevandid-768x521.jpg 768w, https:\/\/guidio.eu\/wp-content\/uploads\/2024\/06\/Asva-kaevandid-18x12.jpg 18w, https:\/\/guidio.eu\/wp-content\/uploads\/2024\/06\/Asva-kaevandid.jpg 1263w\" sizes=\"auto, (max-width: 1024px) 100vw, 1024px\" \/><\/noscript><\/a><figcaption class=\"wp-element-caption\"><strong>Asva ronksisepa rada<\/strong><\/figcaption><\/figure>\n\n<p><\/p><\/div><\/div>\n\n<div class=\"wp-block-group alignfull has-contrast-color has-text-color is-vertical is-content-justification-center is-layout-flex wp-container-core-group-is-layout-1 wp-block-group-is-layout-flex\" style=\"min-height:40vh;margin-top:0;margin-bottom:0;padding-top:var(--wp--preset--spacing--60);padding-right:var(--wp--preset--spacing--50);padding-bottom:var(--wp--preset--spacing--60);padding-left:var(--wp--preset--spacing--50)\"><div style=\"margin-bottom:6px;\" class=\"is-default-size aligncenter wp-block-site-logo\"><a href=\"https:\/\/guidio.eu\/en\/\" class=\"custom-logo-link\" rel=\"home\"><img loading=\"lazy\" decoding=\"async\" width=\"42\" height=\"36\" data-src=\"https:\/\/guidio.eu\/wp-content\/uploads\/2023\/05\/Group-94.svg\" class=\"custom-logo lazyload\" alt=\"Guidio\" src=\"data:image\/gif;base64,R0lGODlhAQABAAAAACH5BAEKAAEALAAAAAABAAEAAAICTAEAOw==\" style=\"--smush-placeholder-width: 42px; --smush-placeholder-aspect-ratio: 42\/36;\" \/><noscript><img loading=\"lazy\" decoding=\"async\" width=\"42\" height=\"36\" src=\"https:\/\/guidio.eu\/wp-content\/uploads\/2023\/05\/Group-94.svg\" class=\"custom-logo\" alt=\"Guidio\" \/><\/noscript><\/a><\/div>\n\n<ul class=\"wp-block-social-links has-normal-icon-size is-style-logos-only is-nowrap is-layout-flex wp-container-core-social-links-is-layout-1 wp-block-social-links-is-layout-flex\"><li class=\"wp-social-link wp-social-link-facebook  wp-block-social-link\"><a href=\"https:\/\/www.facebook.com\/Guidioaudiogiid\" class=\"wp-block-social-link-anchor\"><svg width=\"24\" height=\"24\" viewbox=\"0 0 24 24\" version=\"1.1\" xmlns=\"http:\/\/www.w3.org\/2000\/svg\" aria-hidden=\"true\" focusable=\"false\"><path d=\"M12 2C6.5 2 2 6.5 2 12c0 5 3.7 9.1 8.4 9.9v-7H7.9V12h2.5V9.8c0-2.5 1.5-3.9 3.8-3.9 1.1 0 2.2.2 2.2.2v2.5h-1.3c-1.2 0-1.6.8-1.6 1.6V12h2.8l-.4 2.9h-2.3v7C18.3 21.1 22 17 22 12c0-5.5-4.5-10-10-10z\"><\/path><\/svg><span class=\"wp-block-social-link-label screen-reader-text\">Facebook<\/span><\/a><\/li>\n\n<li class=\"wp-social-link wp-social-link-twitter  wp-block-social-link\"><a href=\"https:\/\/twitter.com\/Guidio_audio\" class=\"wp-block-social-link-anchor\"><svg width=\"24\" height=\"24\" viewbox=\"0 0 24 24\" version=\"1.1\" xmlns=\"http:\/\/www.w3.org\/2000\/svg\" aria-hidden=\"true\" focusable=\"false\"><path d=\"M22.23,5.924c-0.736,0.326-1.527,0.547-2.357,0.646c0.847-0.508,1.498-1.312,1.804-2.27 c-0.793,0.47-1.671,0.812-2.606,0.996C18.324,4.498,17.257,4,16.077,4c-2.266,0-4.103,1.837-4.103,4.103 c0,0.322,0.036,0.635,0.106,0.935C8.67,8.867,5.647,7.234,3.623,4.751C3.27,5.357,3.067,6.062,3.067,6.814 c0,1.424,0.724,2.679,1.825,3.415c-0.673-0.021-1.305-0.206-1.859-0.513c0,0.017,0,0.034,0,0.052c0,1.988,1.414,3.647,3.292,4.023 c-0.344,0.094-0.707,0.144-1.081,0.144c-0.264,0-0.521-0.026-0.772-0.074c0.522,1.63,2.038,2.816,3.833,2.85 c-1.404,1.1-3.174,1.756-5.096,1.756c-0.331,0-0.658-0.019-0.979-0.057c1.816,1.164,3.973,1.843,6.29,1.843 c7.547,0,11.675-6.252,11.675-11.675c0-0.178-0.004-0.355-0.012-0.531C20.985,7.47,21.68,6.747,22.23,5.924z\"><\/path><\/svg><span class=\"wp-block-social-link-label screen-reader-text\">Twitter<\/span><\/a><\/li><\/ul><\/div>\n<\/div>\n<\/div>","protected":false},"excerpt":{"rendered":"<p>Guidio eesm\u00e4rgiks on pakkuda ajaloolise sisuga jalutuslavastusi, kuuldem\u00e4nge ajaloolistes paikades, et ajalugu kuulajale l\u00e4hemale tuua. Hetkel on k\u00e4igus kaks metsavendlusega seotud rada, kuid peagi sukeldume ka kaugemasse ajaloosse ning lisaks helilavastustele katsetame ka teiste formaatidega, nii et p\u00fcsige kuuldel! Metsavendade rajad Metsavendade radade lood p\u00f5hinevad ajaloolistel s\u00fcndmustel ning erinevatel isiklikel lugudel, kuid seoseid konkreetsete ajalooliste [&hellip;]<\/p>","protected":false},"author":4,"featured_media":0,"parent":0,"menu_order":0,"comment_status":"closed","ping_status":"closed","template":"","meta":{"inline_featured_image":false,"footnotes":""},"class_list":["post-724","page","type-page","status-publish","hentry"],"acf":[],"_links":{"self":[{"href":"https:\/\/guidio.eu\/en\/wp-json\/wp\/v2\/pages\/724","targetHints":{"allow":["GET"]}}],"collection":[{"href":"https:\/\/guidio.eu\/en\/wp-json\/wp\/v2\/pages"}],"about":[{"href":"https:\/\/guidio.eu\/en\/wp-json\/wp\/v2\/types\/page"}],"author":[{"embeddable":true,"href":"https:\/\/guidio.eu\/en\/wp-json\/wp\/v2\/users\/4"}],"replies":[{"embeddable":true,"href":"https:\/\/guidio.eu\/en\/wp-json\/wp\/v2\/comments?post=724"}],"version-history":[{"count":53,"href":"https:\/\/guidio.eu\/en\/wp-json\/wp\/v2\/pages\/724\/revisions"}],"predecessor-version":[{"id":2030,"href":"https:\/\/guidio.eu\/en\/wp-json\/wp\/v2\/pages\/724\/revisions\/2030"}],"wp:attachment":[{"href":"https:\/\/guidio.eu\/en\/wp-json\/wp\/v2\/media?parent=724"}],"curies":[{"name":"wp","href":"https:\/\/api.w.org\/{rel}","templated":true}]}}