{"id":53,"date":"2023-05-22T17:01:24","date_gmt":"2023-05-22T17:01:24","guid":{"rendered":"https:\/\/guidio.eu\/?page_id=53"},"modified":"2023-05-23T08:52:57","modified_gmt":"2023-05-23T08:52:57","slug":"mis-on-guidio","status":"publish","type":"page","link":"https:\/\/guidio.eu\/en\/mis-on-guidio\/","title":{"rendered":"Mis on Guidio?"},"content":{"rendered":"<div class=\"gb-container gb-container-9a53d1b0\">\n<h3 class=\"gb-headline gb-headline-b06a002f gb-headline-text\">Mis on Guidio?<\/h3>\n\n<div style=\"height:20px\" aria-hidden=\"true\" class=\"wp-block-spacer\"><\/div>\n\n<p class=\"gb-headline gb-headline-7d3fd0f0 gb-headline-text\">Ehe ja teadusp\u00f5hine audior\u00e4nnak kohalikust ajaloost, mis pakub aktiivset viibimist v\u00e4rskes \u00f5hus vabalt valitud ajal ja seltskonnaga.<br><br>Guidio s\u00fcndis soovist muuta ajalugu maastikul elavaks. Inimesed on tuhandete aastate jooksul maapinnale j\u00e4tnud rohkelt m\u00e4rke, aga nende lood pole kuuldavad ega n\u00e4htavad. GUIDIO annab v\u00f5imaluse liikuda muistsetel radadel ning tajuda ajalugu, sest kuulajad saavad osaks teadusp\u00f5histest m\u00e4ngulistest helilavastustest.<\/p>\n\n<div style=\"height:64px\" aria-hidden=\"true\" class=\"wp-block-spacer\"><\/div>\n\n<a class=\"gb-button gb-button-b9de3959 gb-button-text\" href=\"https:\/\/guidio.eu\/en\/avasta-meie-radu\/\">Avasta meie radu<\/a>\n<\/div><p><\/p>","protected":false},"excerpt":{"rendered":"<p>Mis on Guidio? Ehe ja teadusp\u00f5hine audior\u00e4nnak kohalikust ajaloost, mis pakub aktiivset viibimist v\u00e4rskes \u00f5hus vabalt valitud ajal ja seltskonnaga. Guidio s\u00fcndis soovist muuta ajalugu maastikul elavaks. Inimesed on tuhandete aastate jooksul maapinnale j\u00e4tnud rohkelt m\u00e4rke, aga nende lood pole kuuldavad ega n\u00e4htavad. GUIDIO annab v\u00f5imaluse liikuda muistsetel radadel ning tajuda ajalugu, sest kuulajad saavad [&hellip;]<\/p>","protected":false},"author":1,"featured_media":0,"parent":0,"menu_order":0,"comment_status":"closed","ping_status":"closed","template":"","meta":{"inline_featured_image":false,"footnotes":""},"class_list":["post-53","page","type-page","status-publish","hentry"],"acf":[],"_links":{"self":[{"href":"https:\/\/guidio.eu\/en\/wp-json\/wp\/v2\/pages\/53","targetHints":{"allow":["GET"]}}],"collection":[{"href":"https:\/\/guidio.eu\/en\/wp-json\/wp\/v2\/pages"}],"about":[{"href":"https:\/\/guidio.eu\/en\/wp-json\/wp\/v2\/types\/page"}],"author":[{"embeddable":true,"href":"https:\/\/guidio.eu\/en\/wp-json\/wp\/v2\/users\/1"}],"replies":[{"embeddable":true,"href":"https:\/\/guidio.eu\/en\/wp-json\/wp\/v2\/comments?post=53"}],"version-history":[{"count":8,"href":"https:\/\/guidio.eu\/en\/wp-json\/wp\/v2\/pages\/53\/revisions"}],"predecessor-version":[{"id":111,"href":"https:\/\/guidio.eu\/en\/wp-json\/wp\/v2\/pages\/53\/revisions\/111"}],"wp:attachment":[{"href":"https:\/\/guidio.eu\/en\/wp-json\/wp\/v2\/media?parent=53"}],"curies":[{"name":"wp","href":"https:\/\/api.w.org\/{rel}","templated":true}]}}